{"id":39,"date":"2023-01-16T13:14:25","date_gmt":"2023-01-16T13:14:25","guid":{"rendered":"https:\/\/lisbonstagdo.com\/about-us\/"},"modified":"2026-02-24T09:42:44","modified_gmt":"2026-02-24T09:42:44","slug":"chi-siamo","status":"publish","type":"page","link":"https:\/\/lisbonstagdo.com\/it\/chi-siamo\/","title":{"rendered":"Chi siamo"},"content":{"rendered":"<p>Io e il mio team ci impegniamo ad aiutarvi <strong>Organizzare il perfetto weekend di addio al celibato<\/strong> e passare i momenti pi\u00f9 belli della vostra vita. Siamo qui per assicurarci che tutto fili liscio e che voi e i vostri amici possiate trascorrere un momento indimenticabile.<\/p>\n\n\n\n<p>Sappiamo che organizzare un viaggio pu\u00f2 essere difficile, soprattutto quando si tratta di un addio al celibato, ma con la nostra assistenza potrete essere certi che tutto sar\u00e0 curato.<\/p>\n\n\n\n<p>Noi <strong>aiutarvi a evitare gli errori pi\u00f9 comuni<\/strong> e gli incidenti di percorso, come la prenotazione di un alloggio troppo lontano dall'azione, le spese eccessive per le attivit\u00e0 o la programmazione accidentale di qualcosa che richiede una mente sobria dopo una notte di bevute pesanti.<\/p>\n\n\n\n<p>Lasciateci gestire i dettagli e assicuratevi di avere una <strong>itinerario ben pianificato<\/strong> che vi permette di concentrarvi sui festeggiamenti e sul divertimento con i vostri amici.<\/p>\n\n\n\n<h2 class=\"wp-block-heading\">Impegnativo e degno di fiducia<\/h2>\n\n\n\n<p>Dal 2015 organizziamo addii al celibato indimenticabili per i nostri clienti uomini. Siamo un <strong>finanziariamente protetto<\/strong> di viaggio, assicurando che il vostro denaro sia sempre al sicuro.<\/p>\n\n\n\n<p>Il nostro <strong>opzioni di prenotazione flessibili<\/strong> vi diamo quello che volete e vi rendiamo facile organizzare un fantastico viaggio di addio al celibato in modo rapido ed efficiente. Non vi deluderemo, mentre voi vi rilasserete e risparmierete le vostre energie per il viaggio della vostra vita.<\/p>\n\n\n\n<p>E <strong>amiamo assolutamente Lisbona<\/strong>- pensiamo che sia una delle migliori citt\u00e0 europee per le feste! Con la sua vibrante vita notturna, gli splendidi corsi d'acqua e le infinite opzioni di intrattenimento, Lisbona \u00e8 la destinazione perfetta per un addio al celibato. Dalla crociera in barca ai club e ai bar pi\u00f9 in voga, non c'\u00e8 che l'imbarazzo della scelta per divertirsi in questa citt\u00e0 straordinaria.<\/p>\n\n\n\n<p>Siamo orgogliosi di fornire <strong>ottimo servizio ai migliori prezzi<\/strong> mantenendo solide relazioni di lavoro con le nostre aziende partner.<\/p>\n\n\n\n<p>I nostri partner offrono una serie di attivit\u00e0 uniche che vi faranno vivere esperienze indimenticabili. Riponiamo una grande fiducia nel nostro team, che \u00e8 stato scelto appositamente perch\u00e9 rappresenta la nostra azienda nel modo pi\u00f9 positivo.<\/p>\n\n\n\n<figure class=\"wp-block-image size-large is-resized\"><img loading=\"lazy\" decoding=\"async\" width=\"1024\" height=\"683\" src=\"https:\/\/lisbonstagdo.com\/wp-content\/uploads\/shutterstock-1-79-1024x683.webp\" alt=\"Skyline di Lisbona\" class=\"wp-image-694\" style=\"width:915px;height:610px\" srcset=\"https:\/\/lisbonstagdo.com\/wp-content\/uploads\/shutterstock-1-79-1024x683.webp 1024w, https:\/\/lisbonstagdo.com\/wp-content\/uploads\/shutterstock-1-79-300x200.webp 300w, https:\/\/lisbonstagdo.com\/wp-content\/uploads\/shutterstock-1-79-768x512.webp 768w, https:\/\/lisbonstagdo.com\/wp-content\/uploads\/shutterstock-1-79-1536x1024.webp 1536w, https:\/\/lisbonstagdo.com\/wp-content\/uploads\/shutterstock-1-79-2048x1365.webp 2048w, https:\/\/lisbonstagdo.com\/wp-content\/uploads\/shutterstock-1-79-18x12.webp 18w, https:\/\/lisbonstagdo.com\/wp-content\/uploads\/shutterstock-1-79-scaled.webp 1920w\" sizes=\"auto, (max-width: 1024px) 100vw, 1024px\" \/><\/figure>\n\n\n\n<h2 class=\"wp-block-heading\">Organizziamo il miglior addio al celibato della vostra vita!<\/h2>\n\n\n\n<p>Prendiamo un <strong>approccio personale alla pianificazione del vostro weekend di addio al celibato<\/strong>Come sappiamo, ogni gruppo di amici \u00e8 unico.<\/p>\n\n\n\n<p>Organizzando il weekend di addio al celibato con noi, riceverete <strong>il nostro supporto<\/strong> che si occuper\u00e0 di tutta la logistica e si assicurer\u00e0 che tutto fili liscio. Saranno <strong>disponibile 24 ore su 24, 7 giorni su 7<\/strong> per aiutarvi a risolvere qualsiasi problema o domanda e per assicurarsi che abbiate tutte le informazioni necessarie per sfruttare al meglio il vostro soggiorno a Lisbona.<\/p>\n\n\n\n<p>Inoltre, grazie alla nostra esperienza e alle nostre conoscenze locali, sarete in grado di risparmiare denaro e tempo, evitando errori costosi e itinerari mal pianificati.<\/p>\n\n\n\n<p><a href=\"http:\/\/lisbonstagdo.com\/it\/inchiesta\/\">Richiedi ora<\/a> e iniziare a pianificare la celebrazione definitiva degli ultimi giorni di libert\u00e0 dell'addio al celibato.<\/p>\n\n\n\n<p>Scoprite dove potete andare per un addio al celibato con noi:<\/p>\n\n\n\n<ul class=\"wp-block-list\">\n<li><a href=\"https:\/\/amsterdam-stag-do.com\/\">Addio al celibato ad Amsterdam<\/a><\/li>\n\n\n\n<li><a href=\"https:\/\/berlin-stag-do.com\/\">Addio al celibato a Berlino<\/a><\/li>\n\n\n\n<li><a href=\"https:\/\/hamburgstagdo.com\/\">Addio al celibato ad Amburgo<\/a><\/li>\n\n\n\n<li><a href=\"https:\/\/hvarstagdo.com\/\">Addio al celibato a Hvar<\/a><\/li>\n\n\n\n<li><a href=\"https:\/\/munichstagdo.com\/\">Addio al celibato a Monaco<\/a><\/li>\n\n\n\n<li><a href=\"https:\/\/prague-stag-do.com\/\">Addio al celibato a Praga<\/a><\/li>\n\n\n\n<li><a href=\"https:\/\/riga-stag-do.com\/\">Addio al celibato a Riga<\/a><\/li>\n\n\n\n<li><a href=\"https:\/\/stagpartyljubljana.com\/\">Addio al celibato a Lubiana<\/a><\/li>\n\n\n\n<li><a href=\"https:\/\/ibizastagdo.com\">Addio al celibato a Ibiza<\/a><\/li>\n\n\n\n<li><a href=\"https:\/\/benidorm-stag-do.com\/\">Addio al celibato a Benidorm<\/a><\/li>\n\n\n\n<li><a href=\"https:\/\/budapest-stag-do.com\/\">Addio al celibato a Budapest<\/a><\/li>\n\n\n\n<li><a href=\"https:\/\/stagdovegas.com\/\">Addio al celibato a Las Vegas<\/a><\/li>\n\n\n\n<li><a href=\"https:\/\/stagdobarcelona.com\/\">Addio al celibato a Barcellona<\/a><\/li>\n\n\n\n<li><a href=\"https:\/\/stagdozagreb.com\/\">Addio al celibato a Zagabria<\/a><\/li>\n\n\n\n<li><a href=\"https:\/\/splitstagdo.com\/\">Addio al celibato a Spalato<\/a><\/li>\n\n\n\n<li><a href=\"https:\/\/dubrovnikstagdo.com\/\">Addio al celibato a Dubrovnik<\/a><\/li>\n\n\n\n<li><a href=\"https:\/\/madridstagdo.com\/\">Addio al celibato a Madrid<\/a><\/li>\n\n\n\n<li><a href=\"https:\/\/bucharest-stag-do.com\/\">Addio al celibato a Bucarest<\/a><\/li>\n\n\n\n<li><a href=\"https:\/\/albufeirastagdo.com\/\">Addio al celibato ad Albufeira<\/a><\/li>\n\n\n\n<li><a href=\"https:\/\/dublinstagdo.com\/\">Addio al celibato a Dublino<\/a><\/li>\n\n\n\n<li><a href=\"https:\/\/stagdokrakow.com\/\">Addio al celibato a Cracovia<\/a><\/li>\n<\/ul>","protected":false},"excerpt":{"rendered":"<p>Io e il mio team ci impegniamo ad aiutarvi a pianificare l'addio al celibato perfetto e a trascorrere il periodo pi\u00f9 bello della vostra vita. Siamo qui per assicurarci che tutto fili liscio e che voi e i vostri amici trascorriate un momento indimenticabile. Sappiamo che organizzare un viaggio pu\u00f2 essere difficile, soprattutto quando si tratta di un ... <a href=\"https:\/\/lisbonstagdo.com\/it\/chi-siamo\/\">Continua<\/a><\/p>","protected":false},"author":1,"featured_media":333,"parent":0,"menu_order":0,"comment_status":"open","ping_status":"open","template":"","meta":{"_acf_changed":false,"footnotes":""},"class_list":["post-39","page","type-page","status-publish","has-post-thumbnail","hentry"],"acf":{"page_subheading":"Let us help you plan the ultimate bachelor trip without any hassle! Enjoy Lisbon's vibrant nightlife, stunning scenery, and endless entertainment options."},"_links":{"self":[{"href":"https:\/\/lisbonstagdo.com\/it\/wp-json\/wp\/v2\/pages\/39","targetHints":{"allow":["GET"]}}],"collection":[{"href":"https:\/\/lisbonstagdo.com\/it\/wp-json\/wp\/v2\/pages"}],"about":[{"href":"https:\/\/lisbonstagdo.com\/it\/wp-json\/wp\/v2\/types\/page"}],"author":[{"embeddable":true,"href":"https:\/\/lisbonstagdo.com\/it\/wp-json\/wp\/v2\/users\/1"}],"replies":[{"embeddable":true,"href":"https:\/\/lisbonstagdo.com\/it\/wp-json\/wp\/v2\/comments?post=39"}],"version-history":[{"count":23,"href":"https:\/\/lisbonstagdo.com\/it\/wp-json\/wp\/v2\/pages\/39\/revisions"}],"predecessor-version":[{"id":11317,"href":"https:\/\/lisbonstagdo.com\/it\/wp-json\/wp\/v2\/pages\/39\/revisions\/11317"}],"wp:featuredmedia":[{"embeddable":true,"href":"https:\/\/lisbonstagdo.com\/it\/wp-json\/wp\/v2\/media\/333"}],"wp:attachment":[{"href":"https:\/\/lisbonstagdo.com\/it\/wp-json\/wp\/v2\/media?parent=39"}],"curies":[{"name":"wp","href":"https:\/\/api.w.org\/{rel}","templated":true}]}}