{"id":312,"date":"2023-02-14T09:49:37","date_gmt":"2023-02-14T09:49:37","guid":{"rendered":"https:\/\/lisbonstagdo.com\/?page_id=312"},"modified":"2023-02-17T07:20:49","modified_gmt":"2023-02-17T07:20:49","slug":"come-arrivare-a-lisbona","status":"publish","type":"page","link":"https:\/\/lisbonstagdo.com\/it\/come-arrivare-a-lisbona\/","title":{"rendered":"Come arrivare a Lisbona"},"content":{"rendered":"<p>Situata nel cuore del Portogallo, Lisbona \u00e8 una citt\u00e0 dinamica e vivace che merita una visita. Con una popolazione di oltre 500.000 abitanti, \u00e8 la citt\u00e0 pi\u00f9 <strong>la pi\u00f9 grande citt\u00e0 del Portogallo<\/strong> e una delle citt\u00e0 pi\u00f9 visitate d'Europa. Se state pianificando un addio al celibato a Lisbona, ci sono diverse opzioni di trasporto disponibili per raggiungere la citt\u00e0.<\/p>\n\n\n\n<figure class=\"wp-block-image size-full is-resized\"><img decoding=\"async\" src=\"https:\/\/lisbonstagdo.com\/wp-content\/uploads\/shutterstock-1-6.webp\" alt=\"Shutterstock\" class=\"wp-image-339\" width=\"1024\"\/><figcaption class=\"wp-element-caption\">Tram di Lisbona<\/figcaption><\/figure>\n\n\n\n<h3 class=\"wp-block-heading\">Volare<\/h3>\n\n\n\n<p>Un'opzione \u00e8 quella di volare a <strong>Aeroporto Humberto Delgado<\/strong>che si trova a circa 20 minuti dal centro della citt\u00e0. L'aeroporto offre voli regolari da e per le principali citt\u00e0 europee, oltre ad alcune destinazioni a lungo raggio. Ad esempio, se arrivate dall'Inghilterra, potete volare da Londra o da Manchester.<\/p>\n\n\n\n<p>Possiamo aiutarvi a organizzare il trasferimento dall'aeroporto, in modo che possiate arrivare al vostro alloggio con stile.<\/p>\n\n\n\n<h3 class=\"wp-block-heading\">Treno<\/h3>\n\n\n\n<p>Un'altra opzione \u00e8 quella di raggiungere Lisbona in treno. La citt\u00e0 ha collegamenti regolari con le altre principali citt\u00e0 del Portogallo e con altri paesi europei. Viaggiare in treno vi permetter\u00e0 di ammirare la pittoresca campagna e la vasta natura del Portogallo.<\/p>\n\n\n\n<h3 class=\"wp-block-heading\">Auto<\/h3>\n\n\n\n<p>Se vi recate a Lisbona in auto, potete raggiungere la citt\u00e0 prendendo la strada che porta a Lisbona. <strong>Autostrade A1 o A4 <\/strong>se provenienti dal Nord Europa o dal <strong>Autostrade A2 e A3<\/strong> se si proviene da sud. Queste autostrade collegano Lisbona con le altre principali citt\u00e0 portoghesi e conducono il percorso pi\u00f9 breve al confine con la Spagna. Una volta arrivati a Lisbona, potete parcheggiare la vostra auto in uno dei numerosi parcheggi pubblici della citt\u00e0.<\/p>\n\n\n\n<h3 class=\"wp-block-heading\">Autobus<\/h3>\n\n\n\n<p>Gli autobus sono disponibili come possibile opzione di trasporto per coloro che desiderano conoscere meglio la campagna portoghese o magari fare una sosta intenzionale durante il tragitto. Probabilmente non \u00e8 il modo pi\u00f9 veloce per raggiungere Lisbona, ma sicuramente il pi\u00f9 pittoresco.<\/p>\n\n\n\n<p><strong>Visitate Lisbona con l'Addio al Celibato di Lisbona!<\/strong><\/p>\n\n\n\n<p>In generale, ci sono molti modi per arrivare a Lisbona e l'opzione migliore per voi dipender\u00e0 dalle vostre circostanze individuali. Che si scelga di volare, prendere il treno, l'autobus o guidare, Lisbona \u00e8 facilmente accessibile ed \u00e8 un'ottima destinazione per un viaggio. Scoprite tutto quello che facciamo a <a href=\"http:\/\/lisbonstagdo.com\/it\/\">Addio al celibato a Lisbona!<\/a><\/p>","protected":false},"excerpt":{"rendered":"<p>Situata nel cuore del Portogallo, Lisbona \u00e8 una citt\u00e0 dinamica e vivace che merita una visita. Con una popolazione di oltre 500.000 abitanti, \u00e8 la citt\u00e0 pi\u00f9 grande del Portogallo e una delle pi\u00f9 visitate d'Europa. Se state pianificando un addio al celibato a Lisbona, ci sono diverse opzioni di trasporto disponibili per raggiungere ... <a href=\"https:\/\/lisbonstagdo.com\/it\/come-arrivare-a-lisbona\/\">Continua<\/a><\/p>","protected":false},"author":36,"featured_media":694,"parent":0,"menu_order":0,"comment_status":"closed","ping_status":"closed","template":"","meta":{"_acf_changed":false,"footnotes":""},"class_list":["post-312","page","type-page","status-publish","has-post-thumbnail","hentry"],"acf":{"page_subheading":"Find out how to get to Lisbon the best way, so you can start the stag party as soon as physically possible."},"_links":{"self":[{"href":"https:\/\/lisbonstagdo.com\/it\/wp-json\/wp\/v2\/pages\/312","targetHints":{"allow":["GET"]}}],"collection":[{"href":"https:\/\/lisbonstagdo.com\/it\/wp-json\/wp\/v2\/pages"}],"about":[{"href":"https:\/\/lisbonstagdo.com\/it\/wp-json\/wp\/v2\/types\/page"}],"author":[{"embeddable":true,"href":"https:\/\/lisbonstagdo.com\/it\/wp-json\/wp\/v2\/users\/36"}],"replies":[{"embeddable":true,"href":"https:\/\/lisbonstagdo.com\/it\/wp-json\/wp\/v2\/comments?post=312"}],"version-history":[{"count":6,"href":"https:\/\/lisbonstagdo.com\/it\/wp-json\/wp\/v2\/pages\/312\/revisions"}],"predecessor-version":[{"id":701,"href":"https:\/\/lisbonstagdo.com\/it\/wp-json\/wp\/v2\/pages\/312\/revisions\/701"}],"wp:featuredmedia":[{"embeddable":true,"href":"https:\/\/lisbonstagdo.com\/it\/wp-json\/wp\/v2\/media\/694"}],"wp:attachment":[{"href":"https:\/\/lisbonstagdo.com\/it\/wp-json\/wp\/v2\/media?parent=312"}],"curies":[{"name":"wp","href":"https:\/\/api.w.org\/{rel}","templated":true}]}}