{"id":304,"date":"2023-02-14T09:41:54","date_gmt":"2023-02-14T09:41:54","guid":{"rendered":"https:\/\/lisbonstagdo.com\/?page_id=304"},"modified":"2023-02-16T13:51:35","modified_gmt":"2023-02-16T13:51:35","slug":"su-lisbona","status":"publish","type":"page","link":"https:\/\/lisbonstagdo.com\/it\/su-lisbona\/","title":{"rendered":"Informazioni su Lisbona"},"content":{"rendered":"<p>Lisbona \u00e8 il <strong>la pi\u00f9 grande citt\u00e0 del Portogallo<\/strong>con una popolazione di oltre <strong>mezzo milione<\/strong> che si trova nella parte occidentale del Paese, proprio accanto all'Oceano Atlantico.<\/p>\n\n\n\n<p>Lisbona \u00e8 una delle citt\u00e0 pi\u00f9 antiche d'Europa ed \u00e8 estremamente influente dal punto di vista storico grazie alla sua posizione strategica sulla <strong>Fiume Tago<\/strong>che l'ha resa per secoli un importante centro commerciale e di scambio. La citt\u00e0 vanta uno dei porti pi\u00f9 trafficati d'Europa ed \u00e8 sempre stata un importante snodo per il commercio e gli scambi marittimi.<\/p>\n\n\n\n<p>La posizione vantaggiosa di Lisbona ne ha fatto una meta privilegiata per i viaggiatori di tutto il mondo. Questo <strong>ricca storia e diversit\u00e0 <\/strong>hanno conferito a Lisbona un'atmosfera cosmopolita e l'hanno resa un fiorente centro di commercio e cultura internazionale.<\/p>\n\n\n\n<figure class=\"wp-block-image size-full is-resized\"><img decoding=\"async\" src=\"https:\/\/lisbonstagdo.com\/wp-content\/uploads\/shutterstock-1-1.webp\" alt=\"Lisbona sera\" class=\"wp-image-322\" width=\"1024\" srcset=\"https:\/\/lisbonstagdo.com\/wp-content\/uploads\/shutterstock-1-1.webp 1000w, https:\/\/lisbonstagdo.com\/wp-content\/uploads\/shutterstock-1-1-300x178.webp 300w, https:\/\/lisbonstagdo.com\/wp-content\/uploads\/shutterstock-1-1-768x455.webp 768w, https:\/\/lisbonstagdo.com\/wp-content\/uploads\/shutterstock-1-1-18x12.webp 18w\" sizes=\"(max-width: 1000px) 100vw, 1000px\" \/><figcaption class=\"wp-element-caption\">I colori di Lisbona<\/figcaption><\/figure>\n\n\n\n<h2 class=\"wp-block-heading\">Scoprite l'ultima notte di Lisbona!<\/h2>\n\n\n\n<p>Lisbona \u00e8 rinomata per la sua <strong>una vivace vita notturna<\/strong>con una vasta gamma di bar, club e locali musicali per soddisfare tutti i gusti e le preferenze.<\/p>\n\n\n\n<p>Il centro della citt\u00e0 <strong>Quartiere Bairro Alto <\/strong>\u00e8 particolarmente famosa per la sua vivace vita notturna, che offre di tutto, dai tradizionali bar portoghesi ai cocktail lounge alla moda e ai locali con musica dal vivo.<\/p>\n\n\n\n<p>Il cuore \u00e8 <strong>Via Rua do Alecrim<\/strong>, nota per la sua vivace e spesso energica vita notturna.&nbsp;<\/p>\n\n\n\n<p>Questo quartiere \u00e8 ricco di opzioni di intrattenimento di ogni tipo, tra cui bar e club tradizionali, che lo rendono una destinazione ideale per una serata all'insegna del divertimento.<\/p>\n\n\n\n<p>La vita notturna di Lisbona si estende oltre la famosa Rua do Alecrim, con opzioni come <strong>bar sul tetto <\/strong>con viste panoramiche e varie <strong>festival musicali <\/strong>durante tutto l'anno. Tutti questi modi sono unici ed emozionanti per vivere la vivace scena di intrattenimento della citt\u00e0 durante la vostra ultima serata.<\/p>\n\n\n\n<figure class=\"wp-block-image size-full is-resized\"><img decoding=\"async\" src=\"https:\/\/lisbonstagdo.com\/wp-content\/uploads\/shutterstock-1-2.webp\" alt=\"Tramonto a Lisbona\" class=\"wp-image-323\" width=\"1024\" srcset=\"https:\/\/lisbonstagdo.com\/wp-content\/uploads\/shutterstock-1-2.webp 1000w, https:\/\/lisbonstagdo.com\/wp-content\/uploads\/shutterstock-1-2-300x200.webp 300w, https:\/\/lisbonstagdo.com\/wp-content\/uploads\/shutterstock-1-2-768x511.webp 768w, https:\/\/lisbonstagdo.com\/wp-content\/uploads\/shutterstock-1-2-18x12.webp 18w\" sizes=\"(max-width: 1000px) 100vw, 1000px\" \/><figcaption class=\"wp-element-caption\">Tramonto a Lisbona<\/figcaption><\/figure>\n\n\n\n<h2 class=\"wp-block-heading\">Lasciatevi conquistare dalla variegata scena culinaria di Lisbona<\/h2>\n\n\n\n<p>I prezzi in citt\u00e0 possono variare a seconda di dove si va e cosa si fa, ma in generale Lisbona \u00e8 nota per essere relativamente conveniente rispetto ad altre grandi citt\u00e0 europee.<\/p>\n\n\n\n<p>Questo vale soprattutto per le bevande, che sono relativamente pi\u00f9 economiche rispetto ad altri Paesi. Ma tenete presente che dipende da dove andate: i prezzi possono essere pi\u00f9 alti in alcuni locali di lusso nelle zone pi\u00f9 frequentate.<\/p>\n\n\n\n<p>Per quanto riguarda il cibo, Lisbona \u00e8 conosciuta per la sua variegata scena culinaria, con una <strong>ampia gamma di ristoranti e caff\u00e8 <\/strong>che offrono di tutto, dalla cucina tradizionale portoghese ai piatti internazionali. Tra le specialit\u00e0 locali da provare ci sono i famosi piatti a base di pesce della citt\u00e0, nonch\u00e9 piatti sostanziosi come <strong>Bacalhau \u00e0 Br\u00e1s <\/strong>(baccal\u00e0 con patate fritte) e <strong>Cozido \u00e0 portuguesa <\/strong>(uno stufato con varie carni e verdure).<\/p>\n\n\n\n<p><a href=\"http:\/\/lisbonstagdo.com\/it\/inchiesta\/\">Contattateci<\/a> per qualsiasi domanda sull'organizzazione della vostra notte pi\u00f9 selvaggia a Lisbona.<\/p>\n\n\n\n<figure class=\"wp-block-image size-full is-resized\"><img decoding=\"async\" src=\"https:\/\/lisbonstagdo.com\/wp-content\/uploads\/shutterstock-1-3.webp\" alt=\"Lisbona di notte\" class=\"wp-image-328\" width=\"1024\" srcset=\"https:\/\/lisbonstagdo.com\/wp-content\/uploads\/shutterstock-1-3.webp 1000w, https:\/\/lisbonstagdo.com\/wp-content\/uploads\/shutterstock-1-3-300x175.webp 300w, https:\/\/lisbonstagdo.com\/wp-content\/uploads\/shutterstock-1-3-768x448.webp 768w, https:\/\/lisbonstagdo.com\/wp-content\/uploads\/shutterstock-1-3-18x10.webp 18w\" sizes=\"(max-width: 1000px) 100vw, 1000px\" \/><figcaption class=\"wp-element-caption\">Lisbona di notte<\/figcaption><\/figure>\n\n\n\n<p>Scoprite dove potete andare per un addio al celibato con noi:<\/p>\n\n\n\n<ul class=\"wp-block-list\">\n<li><a href=\"https:\/\/stagpartyljubljana.com\/\" target=\"_blank\" rel=\"noreferrer noopener\">Addio al celibato a Lubiana<\/a><\/li>\n\n\n\n<li><a href=\"https:\/\/hvarstagdo.com\/\" target=\"_blank\" rel=\"noreferrer noopener\">Addio al celibato a Hvar<\/a><\/li>\n\n\n\n<li><a href=\"https:\/\/berlin-stag-do.com\/\" target=\"_blank\" rel=\"noreferrer noopener\">Addio al celibato a Berlino<\/a><\/li>\n\n\n\n<li><a href=\"https:\/\/hamburgstagdo.com\/\" target=\"_blank\" rel=\"noreferrer noopener\">Addio al celibato ad Amburgo<\/a><\/li>\n\n\n\n<li><a href=\"https:\/\/prague-stag-do.com\/\" target=\"_blank\" rel=\"noreferrer noopener\">Addio al celibato a Praga<\/a><\/li>\n\n\n\n<li><a href=\"https:\/\/amsterdam-stag-do.com\/\" target=\"_blank\" rel=\"noreferrer noopener\">Addio al celibato ad Amsterdam<\/a><\/li>\n<\/ul>","protected":false},"excerpt":{"rendered":"<p>Lisbona \u00e8 la citt\u00e0 pi\u00f9 grande del Portogallo, con una popolazione di oltre mezzo milione di abitanti, situata nella parte occidentale del Paese proprio accanto all'Oceano Atlantico. Lisbona \u00e8 una delle citt\u00e0 pi\u00f9 antiche d'Europa ed \u00e8 estremamente influente dal punto di vista storico grazie alla sua posizione strategica sul fiume Tago, che ha ... <a href=\"https:\/\/lisbonstagdo.com\/it\/su-lisbona\/\">Continua<\/a><\/p>","protected":false},"author":36,"featured_media":342,"parent":0,"menu_order":0,"comment_status":"closed","ping_status":"closed","template":"","meta":{"_acf_changed":false,"footnotes":""},"class_list":["post-304","page","type-page","status-publish","has-post-thumbnail","hentry"],"acf":{"page_subheading":"Discover Lisbon and prepare to immerse yourself in its lively nighttime atmosphere and abundant cultural heritage during your stag party."},"_links":{"self":[{"href":"https:\/\/lisbonstagdo.com\/it\/wp-json\/wp\/v2\/pages\/304","targetHints":{"allow":["GET"]}}],"collection":[{"href":"https:\/\/lisbonstagdo.com\/it\/wp-json\/wp\/v2\/pages"}],"about":[{"href":"https:\/\/lisbonstagdo.com\/it\/wp-json\/wp\/v2\/types\/page"}],"author":[{"embeddable":true,"href":"https:\/\/lisbonstagdo.com\/it\/wp-json\/wp\/v2\/users\/36"}],"replies":[{"embeddable":true,"href":"https:\/\/lisbonstagdo.com\/it\/wp-json\/wp\/v2\/comments?post=304"}],"version-history":[{"count":6,"href":"https:\/\/lisbonstagdo.com\/it\/wp-json\/wp\/v2\/pages\/304\/revisions"}],"predecessor-version":[{"id":698,"href":"https:\/\/lisbonstagdo.com\/it\/wp-json\/wp\/v2\/pages\/304\/revisions\/698"}],"wp:featuredmedia":[{"embeddable":true,"href":"https:\/\/lisbonstagdo.com\/it\/wp-json\/wp\/v2\/media\/342"}],"wp:attachment":[{"href":"https:\/\/lisbonstagdo.com\/it\/wp-json\/wp\/v2\/media?parent=304"}],"curies":[{"name":"wp","href":"https:\/\/api.w.org\/{rel}","templated":true}]}}