{"id":312,"date":"2023-02-14T09:49:37","date_gmt":"2023-02-14T09:49:37","guid":{"rendered":"https:\/\/lisbonstagdo.com\/?page_id=312"},"modified":"2023-02-17T07:20:49","modified_gmt":"2023-02-17T07:20:49","slug":"wie-man-nach-lissabon-kommt","status":"publish","type":"page","link":"https:\/\/lisbonstagdo.com\/de\/wie-man-nach-lissabon-kommt\/","title":{"rendered":"Wie man nach Lissabon kommt"},"content":{"rendered":"<p>Lissabon, im Herzen Portugals gelegen, ist eine dynamische und pulsierende Stadt, die einen Besuch wert ist. Mit \u00fcber 500.000 Einwohnern ist sie die <strong>gr\u00f6\u00dfte Stadt in Portugal<\/strong> und eine der meistbesuchten St\u00e4dte in Europa. Wenn Sie einen Junggesellenabschied in Lissabon planen, gibt es mehrere Transportm\u00f6glichkeiten, um die Stadt zu erreichen.<\/p>\n\n\n\n<figure class=\"wp-block-image size-full is-resized\"><img decoding=\"async\" src=\"https:\/\/lisbonstagdo.com\/wp-content\/uploads\/shutterstock-1-6.webp\" alt=\"Shutterstock\" class=\"wp-image-339\" width=\"1024\"\/><figcaption class=\"wp-element-caption\">Stra\u00dfenbahn Lissabon<\/figcaption><\/figure>\n\n\n\n<h3 class=\"wp-block-heading\">Fliegen<\/h3>\n\n\n\n<p>Eine M\u00f6glichkeit ist der Flug nach <strong>Humberto Delgado Flughafen<\/strong>der sich etwa 20 Minuten vom Stadtzentrum entfernt befindet. Der Flughafen bietet regelm\u00e4\u00dfige Fl\u00fcge von und zu den wichtigsten St\u00e4dten in Europa sowie einige Langstreckenziele. Wenn Sie zum Beispiel aus England kommen, k\u00f6nnen Sie von London oder Manchester aus fliegen.<\/p>\n\n\n\n<p>Wir k\u00f6nnen Ihnen helfen, den Transfer vom Flughafen zu organisieren, damit Sie stilvoll in Ihrer Unterkunft ankommen.<\/p>\n\n\n\n<h3 class=\"wp-block-heading\">Zug<\/h3>\n\n\n\n<p>Eine andere M\u00f6glichkeit ist, mit dem Zug nach Lissabon zu reisen. Die Stadt verf\u00fcgt \u00fcber regelm\u00e4\u00dfige Verbindungen zu anderen gro\u00dfen St\u00e4dten in Portugal sowie zu anderen europ\u00e4ischen L\u00e4ndern. Bei einer Reise mit dem Zug k\u00f6nnen Sie die malerische Landschaft und die weite Natur Portugals bewundern.<\/p>\n\n\n\n<h3 class=\"wp-block-heading\">Auto<\/h3>\n\n\n\n<p>Wenn Sie mit dem Auto nach Lissabon fahren, k\u00f6nnen Sie die Stadt \u00fcber die <strong>Autobahnen A1 oder A4 <\/strong>wenn sie aus Nordeuropa oder den Niederlanden kommen <strong>Autobahnen A2 und A3<\/strong> wenn Sie aus dem S\u00fcden kommen. Diese Autobahnen verbinden Lissabon mit anderen gro\u00dfen St\u00e4dten in Portugal und f\u00fchren auf dem k\u00fcrzesten Weg zur Grenze mit Spanien. Sobald Sie Lissabon erreicht haben, k\u00f6nnen Sie Ihr Auto in einem der vielen \u00f6ffentlichen Parkh\u00e4user der Stadt abstellen.<\/p>\n\n\n\n<h3 class=\"wp-block-heading\">Bus<\/h3>\n\n\n\n<p>F\u00fcr diejenigen, die mehr von der portugiesischen Landschaft sehen wollen oder auf dem Weg dorthin einen Zwischenstopp einlegen m\u00f6chten, bieten sich Busse als Transportm\u00f6glichkeit an. Wahrscheinlich nicht der schnellste Weg nach Lissabon, aber definitiv der malerischste.<\/p>\n\n\n\n<p><strong>Besuchen Sie Lissabon mit Lissabon Stag Do!<\/strong><\/p>\n\n\n\n<p>Insgesamt gibt es viele M\u00f6glichkeiten, nach Lissabon zu kommen, und die beste Option f\u00fcr Sie h\u00e4ngt von Ihren individuellen Umst\u00e4nden ab. Egal, ob Sie fliegen, den Zug, den Bus oder das Auto nehmen, Lissabon ist leicht zu erreichen und ein gro\u00dfartiges Reiseziel. Erfahren Sie mehr \u00fcber alles, was wir tun unter <a href=\"http:\/\/lisbonstagdo.com\/de\/\">Junggesellenabschied in Lissabon!<\/a><\/p>","protected":false},"excerpt":{"rendered":"<p>Lissabon, im Herzen Portugals gelegen, ist eine dynamische und pulsierende Stadt, die einen Besuch wert ist. Mit \u00fcber 500.000 Einwohnern ist sie die gr\u00f6\u00dfte Stadt Portugals und eine der meistbesuchten St\u00e4dte Europas. Wenn Sie einen Junggesellenabschied in Lissabon planen, gibt es mehrere Transportm\u00f6glichkeiten, um die Stadt zu erreichen... <a href=\"https:\/\/lisbonstagdo.com\/de\/wie-man-nach-lissabon-kommt\/\">Fortsetzung<\/a><\/p>","protected":false},"author":36,"featured_media":694,"parent":0,"menu_order":0,"comment_status":"closed","ping_status":"closed","template":"","meta":{"_acf_changed":false,"footnotes":""},"class_list":["post-312","page","type-page","status-publish","has-post-thumbnail","hentry"],"acf":{"page_subheading":"Find out how to get to Lisbon the best way, so you can start the stag party as soon as physically possible."},"_links":{"self":[{"href":"https:\/\/lisbonstagdo.com\/de\/wp-json\/wp\/v2\/pages\/312","targetHints":{"allow":["GET"]}}],"collection":[{"href":"https:\/\/lisbonstagdo.com\/de\/wp-json\/wp\/v2\/pages"}],"about":[{"href":"https:\/\/lisbonstagdo.com\/de\/wp-json\/wp\/v2\/types\/page"}],"author":[{"embeddable":true,"href":"https:\/\/lisbonstagdo.com\/de\/wp-json\/wp\/v2\/users\/36"}],"replies":[{"embeddable":true,"href":"https:\/\/lisbonstagdo.com\/de\/wp-json\/wp\/v2\/comments?post=312"}],"version-history":[{"count":6,"href":"https:\/\/lisbonstagdo.com\/de\/wp-json\/wp\/v2\/pages\/312\/revisions"}],"predecessor-version":[{"id":701,"href":"https:\/\/lisbonstagdo.com\/de\/wp-json\/wp\/v2\/pages\/312\/revisions\/701"}],"wp:featuredmedia":[{"embeddable":true,"href":"https:\/\/lisbonstagdo.com\/de\/wp-json\/wp\/v2\/media\/694"}],"wp:attachment":[{"href":"https:\/\/lisbonstagdo.com\/de\/wp-json\/wp\/v2\/media?parent=312"}],"curies":[{"name":"wp","href":"https:\/\/api.w.org\/{rel}","templated":true}]}}