{"id":304,"date":"2023-02-14T09:41:54","date_gmt":"2023-02-14T09:41:54","guid":{"rendered":"https:\/\/lisbonstagdo.com\/?page_id=304"},"modified":"2023-02-16T13:51:35","modified_gmt":"2023-02-16T13:51:35","slug":"uber-lissabon","status":"publish","type":"page","link":"https:\/\/lisbonstagdo.com\/de\/uber-lissabon\/","title":{"rendered":"\u00dcber Lissabon"},"content":{"rendered":"<p>Lissabon ist die <strong>gr\u00f6\u00dfte Stadt in Portugal<\/strong>mit einer Bev\u00f6lkerung von \u00fcber <strong>eine halbe Million<\/strong> im westlichen Teil des Landes, direkt am Atlantischen Ozean gelegen.<\/p>\n\n\n\n<p>Lissabon ist eine der \u00e4ltesten St\u00e4dte Europas und aufgrund seiner strategisch g\u00fcnstigen Lage an der Ostsee von gro\u00dfer historischer Bedeutung. <strong>Fluss Tajo<\/strong>Die Stadt ist seit Jahrhunderten ein bedeutendes Handels- und Gewerbezentrum. Die Stadt verf\u00fcgt \u00fcber einen der verkehrsreichsten H\u00e4fen Europas und war schon immer ein wichtiger Knotenpunkt f\u00fcr den Seehandel.<\/p>\n\n\n\n<p>Die g\u00fcnstige Lage Lissabons hat die Stadt auch zu einem beliebten Ziel f\u00fcr Reisende aus aller Welt gemacht. Diese <strong>reiche Geschichte und Vielfalt <\/strong>haben Lissabon ein kosmopolitisches Flair verliehen und es zu einem bl\u00fchenden Zentrum des internationalen Handels und der Kultur gemacht.<\/p>\n\n\n\n<figure class=\"wp-block-image size-full is-resized\"><img decoding=\"async\" src=\"https:\/\/lisbonstagdo.com\/wp-content\/uploads\/shutterstock-1-1.webp\" alt=\"Lissabon Abend\" class=\"wp-image-322\" width=\"1024\" srcset=\"https:\/\/lisbonstagdo.com\/wp-content\/uploads\/shutterstock-1-1.webp 1000w, https:\/\/lisbonstagdo.com\/wp-content\/uploads\/shutterstock-1-1-300x178.webp 300w, https:\/\/lisbonstagdo.com\/wp-content\/uploads\/shutterstock-1-1-768x455.webp 768w, https:\/\/lisbonstagdo.com\/wp-content\/uploads\/shutterstock-1-1-18x12.webp 18w\" sizes=\"(max-width: 1000px) 100vw, 1000px\" \/><figcaption class=\"wp-element-caption\">Die Farben von Lissabon<\/figcaption><\/figure>\n\n\n\n<h2 class=\"wp-block-heading\">Entdecken Sie das ultimative Ausgehvergn\u00fcgen in Lissabon!<\/h2>\n\n\n\n<p>Lissabon ist bekannt f\u00fcr seine <strong>pulsierendes Nachtleben<\/strong>Die Stadt bietet eine gro\u00dfe Auswahl an Bars, Clubs und Musiklokalen f\u00fcr jeden Geschmack und jede Vorliebe.<\/p>\n\n\n\n<p>Das Zentrum der Stadt <strong>Stadtteil Bairro Alto <\/strong>ist besonders ber\u00fchmt f\u00fcr sein lebhaftes Nachtleben, das von traditionellen portugiesischen Bars bis hin zu trendigen Cocktail-Lounges und Live-Musik-Locations alles bietet.<\/p>\n\n\n\n<p>Der Kern der Sache ist <strong>Stra\u00dfe Rua do Alecrim<\/strong>bekannt f\u00fcr sein lebhaftes und oft energiegeladenes Nachtleben.&nbsp;<\/p>\n\n\n\n<p>In diesem Viertel gibt es alle m\u00f6glichen Unterhaltungsm\u00f6glichkeiten, darunter auch traditionelle Bars und Clubs, was es zu einem idealen Ziel f\u00fcr einen unterhaltsamen Abend macht.<\/p>\n\n\n\n<p>Das Nachtleben von Lissabon geht \u00fcber die ber\u00fchmte Rua do Alecrim hinaus und bietet M\u00f6glichkeiten wie <strong>Rooftop-Bars <\/strong>mit Panoramablick und verschiedenen <strong>Musikfestivals <\/strong>das ganze Jahr \u00fcber. All dies sind einzigartige und aufregende M\u00f6glichkeiten, die lebendige Unterhaltungsszene der Stadt bei Ihrem ultimativen Ausgehabend zu erleben.<\/p>\n\n\n\n<figure class=\"wp-block-image size-full is-resized\"><img decoding=\"async\" src=\"https:\/\/lisbonstagdo.com\/wp-content\/uploads\/shutterstock-1-2.webp\" alt=\"Sonnenuntergang in Lissabon\" class=\"wp-image-323\" width=\"1024\" srcset=\"https:\/\/lisbonstagdo.com\/wp-content\/uploads\/shutterstock-1-2.webp 1000w, https:\/\/lisbonstagdo.com\/wp-content\/uploads\/shutterstock-1-2-300x200.webp 300w, https:\/\/lisbonstagdo.com\/wp-content\/uploads\/shutterstock-1-2-768x511.webp 768w, https:\/\/lisbonstagdo.com\/wp-content\/uploads\/shutterstock-1-2-18x12.webp 18w\" sizes=\"(max-width: 1000px) 100vw, 1000px\" \/><figcaption class=\"wp-element-caption\">Lissabon-Sonnenuntergang<\/figcaption><\/figure>\n\n\n\n<h2 class=\"wp-block-heading\">Genie\u00dfen Sie die vielf\u00e4ltige kulinarische Szene von Lissabon<\/h2>\n\n\n\n<p>Die Preise in der Stadt k\u00f6nnen variieren, je nachdem, wohin Sie gehen und was Sie tun, aber im Allgemeinen ist Lissabon daf\u00fcr bekannt, dass es im Vergleich zu anderen europ\u00e4ischen Gro\u00dfst\u00e4dten relativ g\u00fcnstig ist.<\/p>\n\n\n\n<p>Das gilt insbesondere f\u00fcr Getr\u00e4nke, die im Vergleich zu anderen L\u00e4ndern relativ g\u00fcnstig sind. Aber denken Sie daran, dass es davon abh\u00e4ngt, wo Sie hingehen - die Preise k\u00f6nnen in einigen gehobenen Lokalen in den belebtesten Gegenden h\u00f6her sein.<\/p>\n\n\n\n<p>Was das Essen angeht, so ist Lissabon f\u00fcr seine vielf\u00e4ltige kulinarische Szene bekannt, mit einer <strong>gro\u00dfe Auswahl an Restaurants und Caf\u00e9s <\/strong>die von der traditionellen portugiesischen K\u00fcche bis hin zu internationalen Gerichten alles anbieten. Zu den beliebten lokalen Spezialit\u00e4ten geh\u00f6ren die ber\u00fchmten Meeresfr\u00fcchtegerichte der Stadt, aber auch herzhafte Speisen wie <strong>Bacalhau \u00e0 Br\u00e1s <\/strong>(Salzkabeljau mit Bratkartoffeln) und <strong>Cozido \u00e0 portuguesa <\/strong>(ein Eintopf mit verschiedenen Fleischsorten und Gem\u00fcse).<\/p>\n\n\n\n<p><a href=\"http:\/\/lisbonstagdo.com\/de\/anfrage\/\">Kontakt<\/a> f\u00fcr alle Fragen zur Planung Ihrer wildesten Nacht in Lissabon.<\/p>\n\n\n\n<figure class=\"wp-block-image size-full is-resized\"><img decoding=\"async\" src=\"https:\/\/lisbonstagdo.com\/wp-content\/uploads\/shutterstock-1-3.webp\" alt=\"Lissabon bei Nacht\" class=\"wp-image-328\" width=\"1024\" srcset=\"https:\/\/lisbonstagdo.com\/wp-content\/uploads\/shutterstock-1-3.webp 1000w, https:\/\/lisbonstagdo.com\/wp-content\/uploads\/shutterstock-1-3-300x175.webp 300w, https:\/\/lisbonstagdo.com\/wp-content\/uploads\/shutterstock-1-3-768x448.webp 768w, https:\/\/lisbonstagdo.com\/wp-content\/uploads\/shutterstock-1-3-18x10.webp 18w\" sizes=\"(max-width: 1000px) 100vw, 1000px\" \/><figcaption class=\"wp-element-caption\">Lissabon bei Nacht<\/figcaption><\/figure>\n\n\n\n<p>Finden Sie heraus, wo Sie sonst noch mit uns auf einen Junggesellenabschied gehen k\u00f6nnen:<\/p>\n\n\n\n<ul class=\"wp-block-list\">\n<li><a href=\"https:\/\/stagpartyljubljana.com\/\" target=\"_blank\" rel=\"noreferrer noopener\">Junggesellenabschied Ljubljana<\/a><\/li>\n\n\n\n<li><a href=\"https:\/\/hvarstagdo.com\/\" target=\"_blank\" rel=\"noreferrer noopener\">Hvar Junggesellenabschied<\/a><\/li>\n\n\n\n<li><a href=\"https:\/\/berlin-stag-do.com\/\" target=\"_blank\" rel=\"noreferrer noopener\">Berlin Junggesellenabschied<\/a><\/li>\n\n\n\n<li><a href=\"https:\/\/hamburgstagdo.com\/\" target=\"_blank\" rel=\"noreferrer noopener\">Hamburger Junggesellenabschied<\/a><\/li>\n\n\n\n<li><a href=\"https:\/\/prague-stag-do.com\/\" target=\"_blank\" rel=\"noreferrer noopener\">Prag Junggesellenabschied<\/a><\/li>\n\n\n\n<li><a href=\"https:\/\/amsterdam-stag-do.com\/\" target=\"_blank\" rel=\"noreferrer noopener\">Amsterdam Junggesellenabschied<\/a><\/li>\n<\/ul>","protected":false},"excerpt":{"rendered":"<p>Lissabon ist mit \u00fcber einer halben Million Einwohnern die gr\u00f6\u00dfte Stadt Portugals und liegt im westlichen Teil des Landes direkt am Atlantischen Ozean. Lissabon ist eine der \u00e4ltesten St\u00e4dte Europas und aufgrund ihrer strategisch g\u00fcnstigen Lage am Fluss Tejo, der die Stadt zu einer der wichtigsten ... <a href=\"https:\/\/lisbonstagdo.com\/de\/uber-lissabon\/\">Fortsetzung<\/a><\/p>","protected":false},"author":36,"featured_media":342,"parent":0,"menu_order":0,"comment_status":"closed","ping_status":"closed","template":"","meta":{"_acf_changed":false,"footnotes":""},"class_list":["post-304","page","type-page","status-publish","has-post-thumbnail","hentry"],"acf":{"page_subheading":"Discover Lisbon and prepare to immerse yourself in its lively nighttime atmosphere and abundant cultural heritage during your stag party."},"_links":{"self":[{"href":"https:\/\/lisbonstagdo.com\/de\/wp-json\/wp\/v2\/pages\/304","targetHints":{"allow":["GET"]}}],"collection":[{"href":"https:\/\/lisbonstagdo.com\/de\/wp-json\/wp\/v2\/pages"}],"about":[{"href":"https:\/\/lisbonstagdo.com\/de\/wp-json\/wp\/v2\/types\/page"}],"author":[{"embeddable":true,"href":"https:\/\/lisbonstagdo.com\/de\/wp-json\/wp\/v2\/users\/36"}],"replies":[{"embeddable":true,"href":"https:\/\/lisbonstagdo.com\/de\/wp-json\/wp\/v2\/comments?post=304"}],"version-history":[{"count":6,"href":"https:\/\/lisbonstagdo.com\/de\/wp-json\/wp\/v2\/pages\/304\/revisions"}],"predecessor-version":[{"id":698,"href":"https:\/\/lisbonstagdo.com\/de\/wp-json\/wp\/v2\/pages\/304\/revisions\/698"}],"wp:featuredmedia":[{"embeddable":true,"href":"https:\/\/lisbonstagdo.com\/de\/wp-json\/wp\/v2\/media\/342"}],"wp:attachment":[{"href":"https:\/\/lisbonstagdo.com\/de\/wp-json\/wp\/v2\/media?parent=304"}],"curies":[{"name":"wp","href":"https:\/\/api.w.org\/{rel}","templated":true}]}}